{"id":12,"date":"2013-03-16T17:49:43","date_gmt":"2013-03-16T17:49:43","guid":{"rendered":"http:\/\/www.picowireless.net\/site\/?page_id=12"},"modified":"2024-06-26T13:30:21","modified_gmt":"2024-06-26T12:30:21","slug":"projetos","status":"publish","type":"page","link":"http:\/\/www.picowireless.net\/site\/","title":{"rendered":"Projects"},"content":{"rendered":"<pre>by nmm aka PicoWireless aka PicoWireless.net<\/pre>\n<p><em>hosting, accommodation, web design and development<\/em><\/p>\n<hr \/>\n<p><a href=\"http:\/\/www.abracarnatureza.eu\">www.abracarnatureza.eu<\/a> &#8211; Abra\u00e7ar a Natureza &#8211; De m\u00e3os dadas com a natureza<\/p>\n<p><a href=\"https:\/\/www.baceiros.pt\">www.baceiros.pt<\/a> &#8211; N\u00e3o h\u00e1 limites para a imagina\u00e7\u00e3o<\/p>\n<p><a title=\"feiradospneus.pt\" href=\"http:\/\/www.feiradospneus.pt\" target=\"_blank\" rel=\"noopener noreferrer\">www.feiradospneus.pt<\/a> &#8211; Feira dos Pneus<\/p>\n<p><a href=\"http:\/\/www.ferragensjaguar.pt\" target=\"_blank\" rel=\"noopener\">www.ferragensjaguar.pt<\/a> &#8211; Ferragens Jaguar<\/p>\n<p><a href=\"https:\/\/www.flutuantalento.pt\">www.flutuantalento.pt<\/a> &#8211; Remodela\u00e7\u00e3o da casa<\/p>\n<p><a href=\"http:\/\/www.luispreto.com\" target=\"_blank\" rel=\"noopener noreferrer\">www.luispreto.com<\/a> &#8211; Fotografia e paisagem de Lu\u00eds Preto<\/p>\n<p><a href=\"https:\/\/www.makerlab.com.pt\">www.makerlab.com.pt<\/a> &#8211; Laborat\u00f3rio de ideais maker, impress\u00e3o 3d e laser, retrocomputing e tecnologia<\/p>\n<p><a title=\"PicoWireless.net\" href=\"http:\/\/www.picowireless.net\">www.picowireless.net<\/a>\u00a0&#8211; PicoWireless.net &#8211; Rede Sem Fios<\/p>\n<p><a title=\"PicoWireless.net\" href=\"http:\/\/store.picowireless.net\/\">store.picowireless.net<\/a> &#8211; PicoWireless.net Store &#8211; Vintage and made in-house technology<\/p>\n<p><a href=\"http:\/\/www.portadourada.eu\" target=\"_blank\" rel=\"noopener\">www.portadourada.eu<\/a> &#8211; Porta Dourada Imobili\u00e1ria<\/p>\n<p><a title=\"rccrawler.pt\" href=\"http:\/\/www.rccrawler.pt\" target=\"_blank\" rel=\"noopener noreferrer\">www.rccrawler.pt<\/a> &#8211; RC Rock Crawler Portugal<\/p>\n<p><a title=\"TeleAl\u00edvio\" href=\"http:\/\/www.telealivio.com\" target=\"_blank\" rel=\"noopener noreferrer\">www.telealivio.com<\/a> &#8211; TeleAl\u00edvio<\/p>\n","protected":false},"excerpt":{"rendered":"<p>by nmm aka PicoWireless aka PicoWireless.net hosting, accommodation, web design and development www.abracarnatureza.eu &#8211; Abra\u00e7ar a Natureza &#8211; De m\u00e3os dadas com a natureza www.baceiros.pt&#8230;<\/p>\n","protected":false},"author":1,"featured_media":0,"parent":0,"menu_order":0,"comment_status":"closed","ping_status":"closed","template":"","meta":{"_links_to":"","_links_to_target":""},"_links":{"self":[{"href":"http:\/\/www.picowireless.net\/site\/wp-json\/wp\/v2\/pages\/12"}],"collection":[{"href":"http:\/\/www.picowireless.net\/site\/wp-json\/wp\/v2\/pages"}],"about":[{"href":"http:\/\/www.picowireless.net\/site\/wp-json\/wp\/v2\/types\/page"}],"author":[{"embeddable":true,"href":"http:\/\/www.picowireless.net\/site\/wp-json\/wp\/v2\/users\/1"}],"replies":[{"embeddable":true,"href":"http:\/\/www.picowireless.net\/site\/wp-json\/wp\/v2\/comments?post=12"}],"version-history":[{"count":46,"href":"http:\/\/www.picowireless.net\/site\/wp-json\/wp\/v2\/pages\/12\/revisions"}],"predecessor-version":[{"id":805,"href":"http:\/\/www.picowireless.net\/site\/wp-json\/wp\/v2\/pages\/12\/revisions\/805"}],"wp:attachment":[{"href":"http:\/\/www.picowireless.net\/site\/wp-json\/wp\/v2\/media?parent=12"}],"curies":[{"name":"wp","href":"https:\/\/api.w.org\/{rel}","templated":true}]}}